{"id":20,"date":"2021-10-27T18:40:54","date_gmt":"2021-10-27T16:40:54","guid":{"rendered":"https:\/\/brutzel-brat-und-knusper.eu\/?page_id=20"},"modified":"2025-01-21T22:37:14","modified_gmt":"2025-01-21T20:37:14","slug":"ueber-mich","status":"publish","type":"page","link":"https:\/\/brutzel-brat-und-knusper.eu\/de\/ueber-mich\/","title":{"rendered":"\u00dcber mich"},"content":{"rendered":"\n<div class=\"wp-block-columns is-layout-flex wp-container-core-columns-is-layout-9d6595d7 wp-block-columns-is-layout-flex\">\n<div class=\"wp-block-column is-layout-flow wp-block-column-is-layout-flow\">\n<div class=\"wp-block-media-text alignwide is-stacked-on-mobile\" style=\"grid-template-columns:27% auto\"><figure class=\"wp-block-media-text__media\"><img loading=\"lazy\" decoding=\"async\" width=\"683\" height=\"1024\" src=\"https:\/\/brutzel-brat-und-knusper.eu\/wp-content\/uploads\/2024\/04\/Fasching-5_neu2-683x1024.jpg\" alt=\"\" class=\"wp-image-438 size-full\" title=\"\" srcset=\"https:\/\/brutzel-brat-und-knusper.eu\/wp-content\/uploads\/2024\/04\/Fasching-5_neu2-683x1024.jpg 683w, https:\/\/brutzel-brat-und-knusper.eu\/wp-content\/uploads\/2024\/04\/Fasching-5_neu2-200x300.jpg 200w, https:\/\/brutzel-brat-und-knusper.eu\/wp-content\/uploads\/2024\/04\/Fasching-5_neu2-768x1152.jpg 768w, https:\/\/brutzel-brat-und-knusper.eu\/wp-content\/uploads\/2024\/04\/Fasching-5_neu2-8x12.jpg 8w, https:\/\/brutzel-brat-und-knusper.eu\/wp-content\/uploads\/2024\/04\/Fasching-5_neu2-40x60.jpg 40w, https:\/\/brutzel-brat-und-knusper.eu\/wp-content\/uploads\/2024\/04\/Fasching-5_neu2.jpg 985w\" sizes=\"auto, (max-width: 683px) 100vw, 683px\" \/><\/figure><div class=\"wp-block-media-text__content\">\n<p>Hallo und herzlich willkommen auf Brutzel, Brat &amp; Knusper! Mein Name ist Judith und ich freue mich sehr, hier meine Lieblingsrezepte mit dir teilen zu k\u00f6nnen.<\/p>\n\n\n\n<p>Vielleicht kurz zu mir: ich habe in W\u00fcrzburg Wirtschaftsmathematik studiert, Bachelor und Master und arbeite nun als Aktuarin bei einer Versicherung. Warum habe ich nun einen Rezepteblog ins Leben gerufen? Weil es mir Spa\u00df macht! Ich liebe es, mit beiden H\u00e4nden im Teig zu stecken, oder wenn mir beim And\u00fcnsten leckere D\u00fcfte in die Nase steigen!<\/p>\n<\/div><\/div>\n\n\n\n<p>Seit ich 2021 angefangen habe einen Sauerteig zu z\u00fcchten und mit ihm zu backen, habe ich auch daf\u00fcr eine gro\u00dfe Leidenschaft entwickelt und gro\u00dfe Fortschritte gemacht. In der Kategorie <a href=\"https:\/\/brutzel-brat-und-knusper.eu\/recipe-key\/sauerteig\/\" data-type=\"recipe-key\" data-id=\"130\" target=\"_blank\" rel=\"noreferrer noopener\">Sauerteig<\/a> findest du dazu alle meine Rezepte (mit vielen Tipps und Tricks).<\/p>\n\n\n\n<div class=\"wp-block-media-text has-media-on-the-right is-stacked-on-mobile\"><div class=\"wp-block-media-text__content\">\n<p class=\"has-text-align-left\">\u00dcber die Jahre habe ich viele Rezepte ausprobiert, abgewandelt, verbessert und verk\u00f6stigt. Oftmals koche ich sogar lieber selber als ins Restaurant zu gehen! Au\u00dferdem habe ich mich auch mit dem Thema Ern\u00e4hrung auseinander gesetzt und f\u00fcr einige Rezepte ges\u00fcndere Alternativen gefunden. Schau gerne mal in der Kategorie <a href=\"https:\/\/brutzel-brat-und-knusper.eu\/recipe-key\/gesund\/\" target=\"_blank\" data-type=\"recipe-key\" data-id=\"107\" rel=\"noreferrer noopener\">gesund<\/a> vorbei!<\/p>\n\n\n\n<p class=\"has-text-align-left\">Dabei ber\u00fccksichtige ich auch gerne die Frauengesundheit und teile die meisten meiner Rezepte in die 4 Zyklusphasen ein: <a href=\"https:\/\/brutzel-brat-und-knusper.eu\/recipe-key\/follikelphase\/\" target=\"_blank\" data-type=\"recipe-key\" data-id=\"106\" rel=\"noreferrer noopener\">Follikelphase<\/a>, <a href=\"https:\/\/brutzel-brat-und-knusper.eu\/recipe-key\/ovulationsphase\/\" target=\"_blank\" data-type=\"recipe-key\" data-id=\"116\" rel=\"noreferrer noopener\">Ovulationsphase<\/a>, <a href=\"https:\/\/brutzel-brat-und-knusper.eu\/recipe-key\/lutealphase\/\" target=\"_blank\" data-type=\"recipe-key\" data-id=\"112\" rel=\"noreferrer noopener\">Lutealphase<\/a> und <a href=\"https:\/\/brutzel-brat-und-knusper.eu\/recipe-key\/menstruation\/\" data-type=\"recipe-key\" data-id=\"113\">Menstruationsphase<\/a>. Eine zyklusbasierte Ern\u00e4hrung kann dazu beitragen, die Hormone wieder ins Gleichgewicht zu bringen. Wer dazu mehr erfahren m\u00f6chte, kann sich z.B. die B\u00fccher oder den Content von Alisa Vitti empfehlen. Die Idee besteht darin, dem K\u00f6rper zur richtigen Zeit die richtigen N\u00e4hrstoffe zuzuf\u00fchren.<\/p>\n<\/div><figure class=\"wp-block-media-text__media\"><img loading=\"lazy\" decoding=\"async\" width=\"468\" height=\"749\" src=\"https:\/\/brutzel-brat-und-knusper.eu\/wp-content\/uploads\/2024\/04\/PXL_20240129_194710446_exported_526273-1.png\" alt=\"\" class=\"wp-image-436 size-full\" title=\"\" srcset=\"https:\/\/brutzel-brat-und-knusper.eu\/wp-content\/uploads\/2024\/04\/PXL_20240129_194710446_exported_526273-1.png 468w, https:\/\/brutzel-brat-und-knusper.eu\/wp-content\/uploads\/2024\/04\/PXL_20240129_194710446_exported_526273-1-187x300.png 187w, https:\/\/brutzel-brat-und-knusper.eu\/wp-content\/uploads\/2024\/04\/PXL_20240129_194710446_exported_526273-1-7x12.png 7w, https:\/\/brutzel-brat-und-knusper.eu\/wp-content\/uploads\/2024\/04\/PXL_20240129_194710446_exported_526273-1-37x60.png 37w\" sizes=\"auto, (max-width: 468px) 100vw, 468px\" \/><\/figure><\/div>\n<\/div>\n<\/div>\n\n\n\n<div class=\"wp-block-columns is-layout-flex wp-container-core-columns-is-layout-9d6595d7 wp-block-columns-is-layout-flex\">\n<div class=\"wp-block-column is-layout-flow wp-block-column-is-layout-flow\">\n<p>Alle weiteren Kategorien wie z.B <a href=\"https:\/\/brutzel-brat-und-knusper.eu\/recipe-key\/vegetarisch\/\" target=\"_blank\" data-type=\"recipe-key\" data-id=\"119\" rel=\"noreferrer noopener\">vegetarisch<\/a>, <a href=\"https:\/\/brutzel-brat-und-knusper.eu\/recipe-key\/keine-milchprodukte\/\" target=\"_blank\" data-type=\"recipe-key\" data-id=\"110\" rel=\"noreferrer noopener\">keine Milchprodukte<\/a> oder <a href=\"https:\/\/brutzel-brat-und-knusper.eu\/recipe-key\/salate\/\" target=\"_blank\" data-type=\"recipe-key\" data-id=\"134\" rel=\"noreferrer noopener\">Salate<\/a> sollten selbsterkl\u00e4rend sein. Mit Fragen kannst du dich allerdings immer gerne an mich wenden unter <a href=\"mailto:brutzelbratundknusper@gmail.com\" target=\"_blank\" rel=\"noreferrer noopener\">brutzelbratundknusper@gmail.com<\/a><\/p>\n<\/div>\n<\/div>\n","protected":false},"excerpt":{"rendered":"<p>Hallo und herzlich willkommen auf Brutzel, Brat &amp; Knusper! Mein Name ist Judith und ich freue mich sehr, hier meine Lieblingsrezepte mit dir teilen zu k\u00f6nnen. Vielleicht kurz zu mir: ich habe in W\u00fcrzburg Wirtschaftsmathematik studiert, Bachelor und Master und arbeite nun als Aktuarin bei einer Versicherung. Warum habe ich nun einen Rezepteblog ins Leben &hellip; <\/p>\n","protected":false},"author":1,"featured_media":0,"parent":0,"menu_order":0,"comment_status":"closed","ping_status":"closed","template":"","meta":{"footnotes":""},"class_list":["post-20","page","type-page","status-publish","hentry"],"_links":{"self":[{"href":"https:\/\/brutzel-brat-und-knusper.eu\/de\/wp-json\/wp\/v2\/pages\/20","targetHints":{"allow":["GET"]}}],"collection":[{"href":"https:\/\/brutzel-brat-und-knusper.eu\/de\/wp-json\/wp\/v2\/pages"}],"about":[{"href":"https:\/\/brutzel-brat-und-knusper.eu\/de\/wp-json\/wp\/v2\/types\/page"}],"author":[{"embeddable":true,"href":"https:\/\/brutzel-brat-und-knusper.eu\/de\/wp-json\/wp\/v2\/users\/1"}],"replies":[{"embeddable":true,"href":"https:\/\/brutzel-brat-und-knusper.eu\/de\/wp-json\/wp\/v2\/comments?post=20"}],"version-history":[{"count":0,"href":"https:\/\/brutzel-brat-und-knusper.eu\/de\/wp-json\/wp\/v2\/pages\/20\/revisions"}],"wp:attachment":[{"href":"https:\/\/brutzel-brat-und-knusper.eu\/de\/wp-json\/wp\/v2\/media?parent=20"}],"curies":[{"name":"wp","href":"https:\/\/api.w.org\/{rel}","templated":true}]}}